
 
{"id":11793,"date":"2015-11-18T04:16:24","date_gmt":"2015-11-18T03:16:24","guid":{"rendered":"https:\/\/www.munzert.de\/wordpress\/?page_id=11793"},"modified":"2023-10-10T16:44:57","modified_gmt":"2023-10-10T14:44:57","slug":"unternehmen","status":"publish","type":"page","link":"https:\/\/www.munzert.de\/en\/unternehmen\/","title":{"rendered":"COMPANY"},"content":{"rendered":"<div class=\"wpb-content-wrapper\"><p><\/p>\n<section id=\"anker1\" class=\"vc_row wpb_row vc_row-fluid\" style=\"position: relative;\">\n<div class=\"wpb_column vc_column_container vc_col-sm-12\">\n<div class=\"vc_column-inner vc_custom_1454189797383\">\n<div class=\"wpb_wrapper\">\n<div class=\"vc_empty_space  header-img vc_custom_1650891255427\" style=\"height: 650px; background-image: url(https:\/\/www.munzert.de\/wp-content\/uploads\/2015\/11\/gebrueder-munzert-unternehmen-stoffe.jpg?id=12677) !important;\n  background-position: center !important;\n  background-repeat: no-repeat !important;\n  background-size: cover !important;\"><span class=\"vc_empty_space_inner\"><\/span><\/div>\n<div class=\"wpb_text_column wpb_content_element  vc_custom_1449368750837 text-start\" style=\"\">\n<div class=\"wpb_wrapper\">\n<div class=\"inhalt\">\n<h1>COMPANY<\/h1>\n<h2>Gebr\u00fcder Munzert<\/h2>\n<\/div><\/div><\/div>\n<\/div>\n<\/div>\n<\/div>\n<\/section>\n<section class=\"zentriert flex-wrap\">\n<div class=\"content-image-left\">\n<img decoding=\"async\" src=\"https:\/\/www.munzert.de\/wp-content\/uploads\/2015\/11\/gebrueder-munzert-unternehmen2.png\";>\n<\/div>\n<div class=\"wpb_wrapper double-content\">\n<div class=\"wpb_text_column wpb_content_element content-text-right\">\n<p class=\"chapter-head\">Gebr\u00fcder Munzert<\/p>\n<p style=\"font-family: Zwo; font-size: 18px; line-height: 1.5em;\">The finest weaving from Germany<\/p>\n<p style=\"font-family: Zwo; font-size: 18px; line-height: 1.5em;\"><a href=\"https:\/\/www.munzert.de\/gebrueder-munzert\">GEBR\u00dcDER MUNZERT &gt;<\/a><\/p>\n<\/div>\n<\/div>\n<\/section>\n<section class=\"zentriert flex-wrap-reverse\">\n<div class=\"wpb_wrapper double-content\">\n<div class=\"wpb_text_column wpb_content_element content-text-left\">\n<p class=\"chapter-head\">Since 1925<\/p>\n<p style=\"font-family: Zwo; font-size: 18px; line-height: 1.5em;\">The company Gebr\u00fcder Munzert was founded in 1925 by the brothers Heinrich and Georg Munzert.<\/p>\n<p style=\"font-family: Zwo; font-size: 18px; line-height: 1.5em;\"><a href=\"https:\/\/www.munzert.de\/en\/unternehmen\/geschichte\/\">HISTORY &gt;<\/a><\/p>\n<\/div>\n<\/div>\n<div class=\"content-image-right\">\n<img decoding=\"async\" src=\"https:\/\/www.munzert.de\/wp-content\/uploads\/2015\/11\/gebrueder-munzert-geschichte3.jpg\";>\n<\/div>\n<\/section>\n<section class=\"zentriert flex-wrap\">\n<div class=\"content-image-left\">\n<img decoding=\"async\" src=\"https:\/\/www.munzert.de\/wp-content\/uploads\/2015\/11\/gebrueder-munzert-unternehmen.jpg\";>\n<\/div>\n<div class=\"wpb_wrapper double-content\">\n<div class=\"wpb_text_column wpb_content_element content-text-right\">\n<p style=\"font-family: Nexa-Light; font-size: 48px; line-height: 1em; color: #86004e;\">Company headquarters<\/p>\n<p style=\"font-family: Zwo; font-size: 18px; line-height: 1.5em;\">To this day, jacquard fabric is produced solely in the Upper Franconian Marlesreuth.<\/p>\n<p style=\"font-family: Zwo; font-size: 18px; line-height: 1.5em;\"><a href=\"https:\/\/www.munzert.de\/unternehmenssitz\">COMPANY HEADQUARTERS&nbsp;&gt;<\/a><\/p>\n<\/div>\n<\/div>\n<\/section>\n<section class=\"zentriert flex-wrap-reverse\">\n<div class=\"wpb_wrapper double-content\">\n<div class=\"wpb_text_column wpb_content_element content-text-left\">\n<p class=\"chapter-head\">Sustainability<\/p>\n<p style=\"font-family: Zwo; font-size: 18px; line-height: 1.5em;\">With our domicile in the green heart of the Franconian Forest, our business was practically born with a feeling for the responsible handling of nature and resources.<\/p>\n<p style=\"font-family: Zwo; font-size: 18px; line-height: 1.5em;\"><a href=\"https:\/\/www.munzert.de\/nachhaltigkeit\">SUSTAINABILITY&nbsp;&gt;<\/a><\/p>\n<\/div>\n<\/div>\n<div class=\"content-image-right\">\n<img decoding=\"async\" src=\"https:\/\/www.munzert.de\/wp-content\/uploads\/2015\/11\/gebrueder-munzert-nachhaltigkeit1.jpg\";>\n<\/div>\n<\/section>\n<section class=\"zentriert flex-wrap\">\n<div class=\"content-image-left\">\n<img decoding=\"async\" src=\"https:\/\/www.munzert.de\/wp-content\/uploads\/2015\/07\/gebrueder-munzert-designer1neu.jpg\";>\n<\/div>\n<div class=\"wpb_wrapper double-content\">\n<div class=\"wpb_text_column wpb_content_element content-text-right\">\n<p style=\"font-family: Nexa-Light; font-size: 48px; line-height: 1.5em; color: #940063;\">Designers<\/p>\n<p style=\"font-family: Zwo; font-size: 18px; line-height: 1.5em;\">From the initial idea to the finished product, the creative process is always an exciting challenge for the Gebr\u00fcder Munzert design team.<\/p>\n<p style=\"font-family: Zwo; font-size: 18px; line-height: 1.5em;\"><a href=\"https:\/\/www.munzert.de\/designer\">DESIGNERS&nbsp;&gt;<\/a><\/p>\n<\/div>\n<\/div>\n<\/section>\n<section class=\"zentriert flex-wrap-reverse\">\n<div class=\"wpb_wrapper double-content\">\n<div class=\"wpb_text_column wpb_content_element content-text-left\">\n<p class=\"chapter-head\">Design prices<\/p>\n<p style=\"font-family: Zwo; font-size: 18px; line-height: 1.5em;\">Best of the best \u2013 we work with passion to ensure this for our customers.<\/p>\n<p style=\"font-family: Zwo; font-size: 18px; line-height: 1.5em;\"><a href=\"https:\/\/www.munzert.de\/unternehmen\/designpreise\">DESIGN PRICES&nbsp;&gt;<\/a><\/p>\n<\/div>\n<\/div>\n<div class=\"content-image-right\">\n<img decoding=\"async\" src=\"https:\/\/www.munzert.de\/wp-content\/uploads\/2015\/12\/gebrueder-munzert-designpreise2.jpg\";>\n<\/div>\n<\/section>\n<p><\/p>\n<\/div>","protected":false},"excerpt":{"rendered":"<p>COMPANY Gebr\u00fcder Munzert Gebr\u00fcder Munzert The finest weaving from Germany GEBR\u00dcDER MUNZERT &gt; Since 1925 The company Gebr\u00fcder Munzert was founded in 1925 by the brothers Heinrich and Georg Munzert. HISTORY &gt; Company headquarters To this day, jacquard fabric is produced solely in the Upper Franconian Marlesreuth. COMPANY HEADQUARTERS&nbsp;&gt; Sustainability With our domicile in the [&hellip;]<\/p>\n","protected":false},"author":1,"featured_media":0,"parent":0,"menu_order":0,"comment_status":"open","ping_status":"closed","template":"templates\/template-blank.php","meta":{"_acf_changed":false,"footnotes":""},"class_list":["post-11793","page","type-page","status-publish","hentry"],"acf":[],"_links":{"self":[{"href":"https:\/\/www.munzert.de\/en\/wp-json\/wp\/v2\/pages\/11793","targetHints":{"allow":["GET"]}}],"collection":[{"href":"https:\/\/www.munzert.de\/en\/wp-json\/wp\/v2\/pages"}],"about":[{"href":"https:\/\/www.munzert.de\/en\/wp-json\/wp\/v2\/types\/page"}],"author":[{"embeddable":true,"href":"https:\/\/www.munzert.de\/en\/wp-json\/wp\/v2\/users\/1"}],"replies":[{"embeddable":true,"href":"https:\/\/www.munzert.de\/en\/wp-json\/wp\/v2\/comments?post=11793"}],"version-history":[{"count":79,"href":"https:\/\/www.munzert.de\/en\/wp-json\/wp\/v2\/pages\/11793\/revisions"}],"predecessor-version":[{"id":16688,"href":"https:\/\/www.munzert.de\/en\/wp-json\/wp\/v2\/pages\/11793\/revisions\/16688"}],"wp:attachment":[{"href":"https:\/\/www.munzert.de\/en\/wp-json\/wp\/v2\/media?parent=11793"}],"curies":[{"name":"wp","href":"https:\/\/api.w.org\/{rel}","templated":true}]}}